{"id":2340,"date":"2023-11-20T22:42:09","date_gmt":"2023-11-20T22:42:09","guid":{"rendered":"https:\/\/luxorkitchen.pt\/?page_id=2340"},"modified":"2023-12-10T18:04:44","modified_gmt":"2023-12-10T18:04:44","slug":"lana-2","status":"publish","type":"page","link":"https:\/\/luxorkitchen.pt\/en\/lana-2\/","title":{"rendered":"LANA"},"content":{"rendered":"<div data-elementor-type=\"wp-page\" data-elementor-id=\"2340\" class=\"elementor elementor-2340\" data-elementor-post-type=\"page\">\n\t\t\t\t<div class=\"elementor-element elementor-element-36af49df e-con-full e-flex e-con e-parent\" data-id=\"36af49df\" data-element_type=\"container\" data-e-type=\"container\">\n\t\t<div class=\"elementor-element elementor-element-7b9c4ffd e-con-full e-flex e-con e-child\" data-id=\"7b9c4ffd\" data-element_type=\"container\" data-e-type=\"container\">\n\t\t\t\t<div class=\"elementor-element elementor-element-6eec4f09 elementor-arrows-position-inside elementor-pagination-position-outside elementor-widget elementor-widget-image-carousel\" data-id=\"6eec4f09\" data-element_type=\"widget\" data-e-type=\"widget\" data-settings=\"{&quot;slides_to_show&quot;:&quot;1&quot;,&quot;navigation&quot;:&quot;both&quot;,&quot;autoplay&quot;:&quot;yes&quot;,&quot;pause_on_hover&quot;:&quot;yes&quot;,&quot;pause_on_interaction&quot;:&quot;yes&quot;,&quot;autoplay_speed&quot;:5000,&quot;infinite&quot;:&quot;yes&quot;,&quot;effect&quot;:&quot;slide&quot;,&quot;speed&quot;:500}\" data-widget_type=\"image-carousel.default\">\n\t\t\t\t<div class=\"elementor-widget-container\">\n\t\t\t\t\t\t\t<div class=\"elementor-image-carousel-wrapper swiper\" role=\"region\" aria-roledescription=\"carousel\" aria-label=\"Carrossel de imagens\" dir=\"ltr\">\n\t\t\t<div class=\"elementor-image-carousel swiper-wrapper\" aria-live=\"off\">\n\t\t\t\t\t\t\t\t<div class=\"swiper-slide\" role=\"group\" aria-roledescription=\"slide\" aria-label=\"1 of 5\"><a data-elementor-open-lightbox=\"yes\" data-elementor-lightbox-slideshow=\"6eec4f09\" data-elementor-lightbox-title=\"Bad05_A01_mod-1920x1080\" data-e-action-hash=\"#elementor-action%3Aaction%3Dlightbox%26settings%3DeyJpZCI6MjM0MywidXJsIjoiaHR0cHM6XC9cL2x1eG9ya2l0Y2hlbi5wdFwvd3AtY29udGVudFwvdXBsb2Fkc1wvMjAyM1wvMTFcL0JhZDA1X0EwMV9tb2QtMTkyMHgxMDgwLTEuanBnIiwic2xpZGVzaG93IjoiNmVlYzRmMDkifQ%3D%3D\" href=\"https:\/\/luxorkitchen.pt\/wp-content\/uploads\/2023\/11\/Bad05_A01_mod-1920x1080-1.jpg\"><figure class=\"swiper-slide-inner\"><img decoding=\"async\" class=\"swiper-slide-image\" src=\"https:\/\/luxorkitchen.pt\/wp-content\/uploads\/2023\/11\/Bad05_A01_mod-1920x1080-1.jpg\" alt=\"Bad05_A01_mod-1920x1080\" \/><\/figure><\/a><\/div><div class=\"swiper-slide\" role=\"group\" aria-roledescription=\"slide\" aria-label=\"2 of 5\"><a data-elementor-open-lightbox=\"yes\" data-elementor-lightbox-slideshow=\"6eec4f09\" data-elementor-lightbox-title=\"Bad05_A03_mod.jpg\" data-e-action-hash=\"#elementor-action%3Aaction%3Dlightbox%26settings%3DeyJpZCI6MjM0NCwidXJsIjoiaHR0cHM6XC9cL2x1eG9ya2l0Y2hlbi5wdFwvd3AtY29udGVudFwvdXBsb2Fkc1wvMjAyM1wvMTFcL0JhZDA1X0EwM19tb2QuanBnLnBuZyIsInNsaWRlc2hvdyI6IjZlZWM0ZjA5In0%3D\" href=\"https:\/\/luxorkitchen.pt\/wp-content\/uploads\/2023\/11\/Bad05_A03_mod.jpg.png\"><figure class=\"swiper-slide-inner\"><img decoding=\"async\" class=\"swiper-slide-image\" src=\"https:\/\/luxorkitchen.pt\/wp-content\/uploads\/2023\/11\/Bad05_A03_mod.jpg.png\" alt=\"Bad05_A03_mod.jpg\" \/><\/figure><\/a><\/div><div class=\"swiper-slide\" role=\"group\" aria-roledescription=\"slide\" aria-label=\"3 of 5\"><a data-elementor-open-lightbox=\"yes\" data-elementor-lightbox-slideshow=\"6eec4f09\" data-elementor-lightbox-title=\"Bad05_D01_mod-1920x1080\" data-e-action-hash=\"#elementor-action%3Aaction%3Dlightbox%26settings%3DeyJpZCI6MjM0NSwidXJsIjoiaHR0cHM6XC9cL2x1eG9ya2l0Y2hlbi5wdFwvd3AtY29udGVudFwvdXBsb2Fkc1wvMjAyM1wvMTFcL0JhZDA1X0QwMV9tb2QtMTkyMHgxMDgwLTEuanBnIiwic2xpZGVzaG93IjoiNmVlYzRmMDkifQ%3D%3D\" href=\"https:\/\/luxorkitchen.pt\/wp-content\/uploads\/2023\/11\/Bad05_D01_mod-1920x1080-1.jpg\"><figure class=\"swiper-slide-inner\"><img decoding=\"async\" class=\"swiper-slide-image\" src=\"https:\/\/luxorkitchen.pt\/wp-content\/uploads\/2023\/11\/Bad05_D01_mod-1920x1080-1.jpg\" alt=\"Bad05_D01_mod-1920x1080\" \/><\/figure><\/a><\/div><div class=\"swiper-slide\" role=\"group\" aria-roledescription=\"slide\" aria-label=\"4 of 5\"><a data-elementor-open-lightbox=\"yes\" data-elementor-lightbox-slideshow=\"6eec4f09\" data-elementor-lightbox-title=\"Bad05_D02-1920x1080\" data-e-action-hash=\"#elementor-action%3Aaction%3Dlightbox%26settings%3DeyJpZCI6MjM0NiwidXJsIjoiaHR0cHM6XC9cL2x1eG9ya2l0Y2hlbi5wdFwvd3AtY29udGVudFwvdXBsb2Fkc1wvMjAyM1wvMTFcL0JhZDA1X0QwMi0xOTIweDEwODAtMS5qcGciLCJzbGlkZXNob3ciOiI2ZWVjNGYwOSJ9\" href=\"https:\/\/luxorkitchen.pt\/wp-content\/uploads\/2023\/11\/Bad05_D02-1920x1080-1.jpg\"><figure class=\"swiper-slide-inner\"><img decoding=\"async\" class=\"swiper-slide-image\" src=\"https:\/\/luxorkitchen.pt\/wp-content\/uploads\/2023\/11\/Bad05_D02-1920x1080-1.jpg\" alt=\"Bad05_D02-1920x1080\" \/><\/figure><\/a><\/div><div class=\"swiper-slide\" role=\"group\" aria-roledescription=\"slide\" aria-label=\"5 of 5\"><a data-elementor-open-lightbox=\"yes\" data-elementor-lightbox-slideshow=\"6eec4f09\" data-elementor-lightbox-title=\"Bad05_D03-1920x1080\" data-e-action-hash=\"#elementor-action%3Aaction%3Dlightbox%26settings%3DeyJpZCI6MjM0NywidXJsIjoiaHR0cHM6XC9cL2x1eG9ya2l0Y2hlbi5wdFwvd3AtY29udGVudFwvdXBsb2Fkc1wvMjAyM1wvMTFcL0JhZDA1X0QwMy0xOTIweDEwODAtMS5qcGciLCJzbGlkZXNob3ciOiI2ZWVjNGYwOSJ9\" href=\"https:\/\/luxorkitchen.pt\/wp-content\/uploads\/2023\/11\/Bad05_D03-1920x1080-1.jpg\"><figure class=\"swiper-slide-inner\"><img decoding=\"async\" class=\"swiper-slide-image\" src=\"https:\/\/luxorkitchen.pt\/wp-content\/uploads\/2023\/11\/Bad05_D03-1920x1080-1.jpg\" alt=\"Bad05_D03-1920x1080\" \/><\/figure><\/a><\/div>\t\t\t<\/div>\n\t\t\t\t\t\t\t\t\t\t\t\t<div class=\"elementor-swiper-button elementor-swiper-button-prev\" role=\"button\" tabindex=\"0\">\n\t\t\t\t\t\t<svg aria-hidden=\"true\" class=\"e-font-icon-svg e-eicon-chevron-left\" viewbox=\"0 0 1000 1000\" xmlns=\"http:\/\/www.w3.org\/2000\/svg\"><path d=\"M646 125C629 125 613 133 604 142L308 442C296 454 292 471 292 487 292 504 296 521 308 533L604 854C617 867 629 875 646 875 663 875 679 871 692 858 704 846 713 829 713 812 713 796 708 779 692 767L438 487 692 225C700 217 708 204 708 187 708 171 704 154 692 142 675 129 663 125 646 125Z\"><\/path><\/svg>\t\t\t\t\t<\/div>\n\t\t\t\t\t<div class=\"elementor-swiper-button elementor-swiper-button-next\" role=\"button\" tabindex=\"0\">\n\t\t\t\t\t\t<svg aria-hidden=\"true\" class=\"e-font-icon-svg e-eicon-chevron-right\" viewbox=\"0 0 1000 1000\" xmlns=\"http:\/\/www.w3.org\/2000\/svg\"><path d=\"M696 533C708 521 713 504 713 487 713 471 708 454 696 446L400 146C388 133 375 125 354 125 338 125 325 129 313 142 300 154 292 171 292 187 292 204 296 221 308 233L563 492 304 771C292 783 288 800 288 817 288 833 296 850 308 863 321 871 338 875 354 875 371 875 388 867 400 854L696 533Z\"><\/path><\/svg>\t\t\t\t\t<\/div>\n\t\t\t\t\n\t\t\t\t\t\t\t\t\t<div class=\"swiper-pagination\"><\/div>\n\t\t\t\t\t\t\t\t\t<\/div>\n\t\t\t\t\t\t<\/div>\n\t\t\t\t<\/div>\n\t\t\t\t<\/div>\n\t\t<div class=\"elementor-element elementor-element-2bd9b143 e-con-full e-flex e-con e-child\" data-id=\"2bd9b143\" data-element_type=\"container\" data-e-type=\"container\">\n\t\t\t\t<div class=\"elementor-element elementor-element-3625565b elementor-widget elementor-widget-heading\" data-id=\"3625565b\" data-element_type=\"widget\" data-e-type=\"widget\" data-widget_type=\"heading.default\">\n\t\t\t\t<div class=\"elementor-widget-container\">\n\t\t\t\t\t<h2 class=\"elementor-heading-title elementor-size-default\">LANA<\/h2>\t\t\t\t<\/div>\n\t\t\t\t<\/div>\n\t\t\t\t<div class=\"elementor-element elementor-element-70db1ee2 elementor-widget elementor-widget-heading\" data-id=\"70db1ee2\" data-element_type=\"widget\" data-e-type=\"widget\" data-widget_type=\"heading.default\">\n\t\t\t\t<div class=\"elementor-widget-container\">\n\t\t\t\t\t<h2 class=\"elementor-heading-title elementor-size-default\">Naturalmente lindo!<\/h2>\t\t\t\t<\/div>\n\t\t\t\t<\/div>\n\t\t\t\t<div class=\"elementor-element elementor-element-70975ba4 elementor-widget-divider--view-line_icon elementor-widget-divider--element-align-left elementor-view-default elementor-widget elementor-widget-divider\" data-id=\"70975ba4\" data-element_type=\"widget\" data-e-type=\"widget\" data-widget_type=\"divider.default\">\n\t\t\t\t<div class=\"elementor-widget-container\">\n\t\t\t\t\t\t\t<div class=\"elementor-divider\">\n\t\t\t<span class=\"elementor-divider-separator\">\n\t\t\t\t\t\t\t<div class=\"elementor-icon elementor-divider__element\">\n\t\t\t\t\t<svg aria-hidden=\"true\" class=\"e-font-icon-svg e-fas-dot-circle\" viewbox=\"0 0 512 512\" xmlns=\"http:\/\/www.w3.org\/2000\/svg\"><path d=\"M256 8C119.033 8 8 119.033 8 256s111.033 248 248 248 248-111.033 248-248S392.967 8 256 8zm80 248c0 44.112-35.888 80-80 80s-80-35.888-80-80 35.888-80 80-80 80 35.888 80 80z\"><\/path><\/svg><\/div>\n\t\t\t\t\t\t<\/span>\n\t\t<\/div>\n\t\t\t\t\t\t<\/div>\n\t\t\t\t<\/div>\n\t\t\t\t<div class=\"elementor-element elementor-element-50cf9a41 elementor-widget elementor-widget-button\" data-id=\"50cf9a41\" data-element_type=\"widget\" data-e-type=\"widget\" data-widget_type=\"button.default\">\n\t\t\t\t<div class=\"elementor-widget-container\">\n\t\t\t\t\t\t\t\t\t<div class=\"elementor-button-wrapper\">\n\t\t\t\t\t<a class=\"elementor-button elementor-button-link elementor-size-sm\" href=\"https:\/\/luxorkitchen.pt\/en\/cozinhas\/\">\n\t\t\t\t\t\t<span class=\"elementor-button-content-wrapper\">\n\t\t\t\t\t\t\t\t\t<span class=\"elementor-button-text\">Voltar \u00e0 sele\u00e7\u00e3o da cozinha<\/span>\n\t\t\t\t\t<\/span>\n\t\t\t\t\t<\/a>\n\t\t\t\t<\/div>\n\t\t\t\t\t\t\t\t<\/div>\n\t\t\t\t<\/div>\n\t\t\t\t<\/div>\n\t\t\t\t<\/div>\n\t\t<div class=\"elementor-element elementor-element-31b0b3b e-con-full e-flex e-con e-parent\" data-id=\"31b0b3b\" data-element_type=\"container\" data-e-type=\"container\">\n\t\t\t\t<div class=\"elementor-element elementor-element-6bb35344 elementor-widget-divider--view-line elementor-widget elementor-widget-divider\" data-id=\"6bb35344\" data-element_type=\"widget\" data-e-type=\"widget\" data-widget_type=\"divider.default\">\n\t\t\t\t<div class=\"elementor-widget-container\">\n\t\t\t\t\t\t\t<div class=\"elementor-divider\">\n\t\t\t<span class=\"elementor-divider-separator\">\n\t\t\t\t\t\t<\/span>\n\t\t<\/div>\n\t\t\t\t\t\t<\/div>\n\t\t\t\t<\/div>\n\t\t\t\t<\/div>\n\t\t<div class=\"elementor-element elementor-element-8e78a7a e-flex e-con-boxed e-con e-parent\" data-id=\"8e78a7a\" data-element_type=\"container\" data-e-type=\"container\">\n\t\t\t\t\t<div class=\"e-con-inner\">\n\t\t<div class=\"elementor-element elementor-element-6d2c8eb4 e-con-full e-flex e-con e-child\" data-id=\"6d2c8eb4\" data-element_type=\"container\" data-e-type=\"container\">\n\t\t\t\t<div class=\"elementor-element elementor-element-68183e36 elementor-widget elementor-widget-heading\" data-id=\"68183e36\" data-element_type=\"widget\" data-e-type=\"widget\" data-widget_type=\"heading.default\">\n\t\t\t\t<div class=\"elementor-widget-container\">\n\t\t\t\t\t<h2 class=\"elementor-heading-title elementor-size-default\">Bathroom journal 2023<\/h2>\t\t\t\t<\/div>\n\t\t\t\t<\/div>\n\t\t\t\t<div class=\"elementor-element elementor-element-223da27a elementor-widget elementor-widget-text-editor\" data-id=\"223da27a\" data-element_type=\"widget\" data-e-type=\"widget\" data-widget_type=\"text-editor.default\">\n\t\t\t\t<div class=\"elementor-widget-container\">\n\t\t\t\t\t\t\t\t\t<p>Nossos banheiros<\/p>\t\t\t\t\t\t\t\t<\/div>\n\t\t\t\t<\/div>\n\t\t\t\t<div class=\"elementor-element elementor-element-7777d343 elementor-widget elementor-widget-text-editor\" data-id=\"7777d343\" data-element_type=\"widget\" data-e-type=\"widget\" data-widget_type=\"text-editor.default\">\n\t\t\t\t<div class=\"elementor-widget-container\">\n\t\t\t\t\t\t\t\t\t<p>\u00c9 incr\u00edvel o que pode ser feito com uma casa de banho! Uma pequena necessidade pode tornar-se um espa\u00e7o \u00edntimo e integral de regenera\u00e7\u00e3o, renova\u00e7\u00e3o e cuidado. As op\u00e7\u00f5es individuais aqui s\u00e3o t\u00e3o diversas quanto a pr\u00f3pria vida. Existem possibilidades criativas ilimitadas para o seu o\u00e1sis de bem-estar, que pode ser planeado aos m\u00ednimos detalhes.<\/p>\t\t\t\t\t\t\t\t<\/div>\n\t\t\t\t<\/div>\n\t\t\t\t<div class=\"elementor-element elementor-element-3180c96b elementor-widget elementor-widget-button\" data-id=\"3180c96b\" data-element_type=\"widget\" data-e-type=\"widget\" data-widget_type=\"button.default\">\n\t\t\t\t<div class=\"elementor-widget-container\">\n\t\t\t\t\t\t\t\t\t<div class=\"elementor-button-wrapper\">\n\t\t\t\t\t<a class=\"elementor-button elementor-button-link elementor-size-sm\" href=\"https:\/\/www.sachsenkuechen.de\/epaper\/badjournal-2023\/#0\" target=\"_blank\">\n\t\t\t\t\t\t<span class=\"elementor-button-content-wrapper\">\n\t\t\t\t\t\t<span class=\"elementor-button-icon\">\n\t\t\t\t<svg aria-hidden=\"true\" class=\"e-font-icon-svg e-fas-book-open\" viewbox=\"0 0 576 512\" xmlns=\"http:\/\/www.w3.org\/2000\/svg\"><path d=\"M542.22 32.05c-54.8 3.11-163.72 14.43-230.96 55.59-4.64 2.84-7.27 7.89-7.27 13.17v363.87c0 11.55 12.63 18.85 23.28 13.49 69.18-34.82 169.23-44.32 218.7-46.92 16.89-.89 30.02-14.43 30.02-30.66V62.75c.01-17.71-15.35-31.74-33.77-30.7zM264.73 87.64C197.5 46.48 88.58 35.17 33.78 32.05 15.36 31.01 0 45.04 0 62.75V400.6c0 16.24 13.13 29.78 30.02 30.66 49.49 2.6 149.59 12.11 218.77 46.95 10.62 5.35 23.21-1.94 23.21-13.46V100.63c0-5.29-2.62-10.14-7.27-12.99z\"><\/path><\/svg>\t\t\t<\/span>\n\t\t\t\t\t\t\t\t\t<span class=\"elementor-button-text\">Open ePaper<\/span>\n\t\t\t\t\t<\/span>\n\t\t\t\t\t<\/a>\n\t\t\t\t<\/div>\n\t\t\t\t\t\t\t\t<\/div>\n\t\t\t\t<\/div>\n\t\t\t\t<\/div>\n\t\t<div class=\"elementor-element elementor-element-26180cf8 e-con-full e-flex e-con e-child\" data-id=\"26180cf8\" data-element_type=\"container\" data-e-type=\"container\">\n\t\t\t\t<div class=\"elementor-element elementor-element-7f3307f0 elementor-widget elementor-widget-image\" data-id=\"7f3307f0\" data-element_type=\"widget\" data-e-type=\"widget\" data-widget_type=\"image.default\">\n\t\t\t\t<div class=\"elementor-widget-container\">\n\t\t\t\t\t\t\t\t\t\t\t\t\t\t\t\t<a href=\"https:\/\/www.sachsenkuechen.de\/epaper\/badjournal-2023\/#0\" target=\"_blank\">\n\t\t\t\t\t\t\t<img fetchpriority=\"high\" decoding=\"async\" width=\"566\" height=\"377\" src=\"https:\/\/luxorkitchen.pt\/wp-content\/uploads\/2023\/11\/Sem-titulo-8.png\" class=\"elementor-animation-shrink attachment-full size-full wp-image-2283\" alt=\"\" srcset=\"https:\/\/luxorkitchen.pt\/wp-content\/uploads\/2023\/11\/Sem-titulo-8.png 566w, https:\/\/luxorkitchen.pt\/wp-content\/uploads\/2023\/11\/Sem-titulo-8-300x200.png 300w\" sizes=\"(max-width: 566px) 100vw, 566px\" \/>\t\t\t\t\t\t\t\t<\/a>\n\t\t\t\t\t\t\t\t\t\t\t\t\t\t\t<\/div>\n\t\t\t\t<\/div>\n\t\t\t\t<\/div>\n\t\t\t\t\t<\/div>\n\t\t\t\t<\/div>\n\t\t\t\t<\/div>","protected":false},"excerpt":{"rendered":"<p>LANA Naturalmente lindo! Voltar \u00e0 sele\u00e7\u00e3o da cozinha Bathroom journal 2023 Nossos banheiros \u00c9 incr\u00edvel o que pode ser feito com uma casa de banho! Uma pequena necessidade pode tornar-se um espa\u00e7o \u00edntimo e integral de regenera\u00e7\u00e3o, renova\u00e7\u00e3o e cuidado. As op\u00e7\u00f5es individuais aqui s\u00e3o t\u00e3o diversas quanto a pr\u00f3pria vida. Existem possibilidades criativas ilimitadas [&hellip;]<\/p>","protected":false},"author":1,"featured_media":0,"parent":0,"menu_order":0,"comment_status":"closed","ping_status":"closed","template":"","meta":{"site-sidebar-layout":"no-sidebar","site-content-layout":"","ast-site-content-layout":"full-width-container","site-content-style":"default","site-sidebar-style":"default","ast-global-header-display":"","ast-banner-title-visibility":"","ast-main-header-display":"","ast-hfb-above-header-display":"","ast-hfb-below-header-display":"","ast-hfb-mobile-header-display":"","site-post-title":"disabled","ast-breadcrumbs-content":"","ast-featured-img":"disabled","footer-sml-layout":"","theme-transparent-header-meta":"","adv-header-id-meta":"","stick-header-meta":"","header-above-stick-meta":"","header-main-stick-meta":"","header-below-stick-meta":"","astra-migrate-meta-layouts":"default","ast-page-background-enabled":"default","ast-page-background-meta":{"desktop":{"background-color":"var(--ast-global-color-4)","background-image":"","background-repeat":"repeat","background-position":"center center","background-size":"auto","background-attachment":"scroll","background-type":"","background-media":"","overlay-type":"","overlay-color":"","overlay-opacity":"","overlay-gradient":""},"tablet":{"background-color":"","background-image":"","background-repeat":"repeat","background-position":"center center","background-size":"auto","background-attachment":"scroll","background-type":"","background-media":"","overlay-type":"","overlay-color":"","overlay-opacity":"","overlay-gradient":""},"mobile":{"background-color":"","background-image":"","background-repeat":"repeat","background-position":"center center","background-size":"auto","background-attachment":"scroll","background-type":"","background-media":"","overlay-type":"","overlay-color":"","overlay-opacity":"","overlay-gradient":""}},"ast-content-background-meta":{"desktop":{"background-color":"var(--ast-global-color-5)","background-image":"","background-repeat":"repeat","background-position":"center center","background-size":"auto","background-attachment":"scroll","background-type":"","background-media":"","overlay-type":"","overlay-color":"","overlay-opacity":"","overlay-gradient":""},"tablet":{"background-color":"var(--ast-global-color-5)","background-image":"","background-repeat":"repeat","background-position":"center center","background-size":"auto","background-attachment":"scroll","background-type":"","background-media":"","overlay-type":"","overlay-color":"","overlay-opacity":"","overlay-gradient":""},"mobile":{"background-color":"var(--ast-global-color-5)","background-image":"","background-repeat":"repeat","background-position":"center center","background-size":"auto","background-attachment":"scroll","background-type":"","background-media":"","overlay-type":"","overlay-color":"","overlay-opacity":"","overlay-gradient":""}},"footnotes":""},"class_list":["post-2340","page","type-page","status-publish","hentry"],"yoast_head":"<!-- This site is optimized with the Yoast SEO plugin v27.6 - https:\/\/yoast.com\/product\/yoast-seo-wordpress\/ -->\n<title>LANA - Luxorkitchen<\/title>\n<meta name=\"robots\" content=\"index, follow, max-snippet:-1, max-image-preview:large, max-video-preview:-1\" \/>\n<link rel=\"canonical\" href=\"https:\/\/luxorkitchen.pt\/en\/lana-2\/\" \/>\n<meta property=\"og:locale\" content=\"en_US\" \/>\n<meta property=\"og:type\" content=\"article\" \/>\n<meta property=\"og:title\" content=\"LANA - Luxorkitchen\" \/>\n<meta property=\"og:description\" content=\"LANA Naturalmente lindo! Voltar \u00e0 sele\u00e7\u00e3o da cozinha Bathroom journal 2023 Nossos banheiros \u00c9 incr\u00edvel o que pode ser feito com uma casa de banho! Uma pequena necessidade pode tornar-se um espa\u00e7o \u00edntimo e integral de regenera\u00e7\u00e3o, renova\u00e7\u00e3o e cuidado. As op\u00e7\u00f5es individuais aqui s\u00e3o t\u00e3o diversas quanto a pr\u00f3pria vida. Existem possibilidades criativas ilimitadas [&hellip;]\" \/>\n<meta property=\"og:url\" content=\"https:\/\/luxorkitchen.pt\/en\/lana-2\/\" \/>\n<meta property=\"og:site_name\" content=\"Luxorkitchen\" \/>\n<meta property=\"article:publisher\" content=\"https:\/\/www.facebook.com\/luxorkitchen\/\" \/>\n<meta property=\"article:modified_time\" content=\"2023-12-10T18:04:44+00:00\" \/>\n<meta property=\"og:image\" content=\"https:\/\/luxorkitchen.pt\/wp-content\/uploads\/2023\/11\/Bad05_A01_mod-1920x1080-1.jpg\" \/>\n<meta name=\"twitter:card\" content=\"summary_large_image\" \/>\n<meta name=\"twitter:label1\" content=\"Est. reading time\" \/>\n\t<meta name=\"twitter:data1\" content=\"2 minutes\" \/>\n<script type=\"application\/ld+json\" class=\"yoast-schema-graph\">{\"@context\":\"https:\\\/\\\/schema.org\",\"@graph\":[{\"@type\":\"WebPage\",\"@id\":\"https:\\\/\\\/luxorkitchen.pt\\\/lana-2\\\/\",\"url\":\"https:\\\/\\\/luxorkitchen.pt\\\/lana-2\\\/\",\"name\":\"LANA - Luxorkitchen\",\"isPartOf\":{\"@id\":\"https:\\\/\\\/luxorkitchen.pt\\\/#website\"},\"primaryImageOfPage\":{\"@id\":\"https:\\\/\\\/luxorkitchen.pt\\\/lana-2\\\/#primaryimage\"},\"image\":{\"@id\":\"https:\\\/\\\/luxorkitchen.pt\\\/lana-2\\\/#primaryimage\"},\"thumbnailUrl\":\"https:\\\/\\\/luxorkitchen.pt\\\/wp-content\\\/uploads\\\/2023\\\/11\\\/Bad05_A01_mod-1920x1080-1.jpg\",\"datePublished\":\"2023-11-20T22:42:09+00:00\",\"dateModified\":\"2023-12-10T18:04:44+00:00\",\"breadcrumb\":{\"@id\":\"https:\\\/\\\/luxorkitchen.pt\\\/lana-2\\\/#breadcrumb\"},\"inLanguage\":\"en-US\",\"potentialAction\":[{\"@type\":\"ReadAction\",\"target\":[\"https:\\\/\\\/luxorkitchen.pt\\\/lana-2\\\/\"]}]},{\"@type\":\"ImageObject\",\"inLanguage\":\"en-US\",\"@id\":\"https:\\\/\\\/luxorkitchen.pt\\\/lana-2\\\/#primaryimage\",\"url\":\"https:\\\/\\\/luxorkitchen.pt\\\/wp-content\\\/uploads\\\/2023\\\/11\\\/Bad05_A01_mod-1920x1080-1.jpg\",\"contentUrl\":\"https:\\\/\\\/luxorkitchen.pt\\\/wp-content\\\/uploads\\\/2023\\\/11\\\/Bad05_A01_mod-1920x1080-1.jpg\"},{\"@type\":\"BreadcrumbList\",\"@id\":\"https:\\\/\\\/luxorkitchen.pt\\\/lana-2\\\/#breadcrumb\",\"itemListElement\":[{\"@type\":\"ListItem\",\"position\":1,\"name\":\"In\u00edcio\",\"item\":\"https:\\\/\\\/luxorkitchen.pt\\\/\"},{\"@type\":\"ListItem\",\"position\":2,\"name\":\"LANA\"}]},{\"@type\":\"WebSite\",\"@id\":\"https:\\\/\\\/luxorkitchen.pt\\\/#website\",\"url\":\"https:\\\/\\\/luxorkitchen.pt\\\/\",\"name\":\"Luxorkitchen\",\"description\":\"Living Kitchen\",\"publisher\":{\"@id\":\"https:\\\/\\\/luxorkitchen.pt\\\/#organization\"},\"potentialAction\":[{\"@type\":\"SearchAction\",\"target\":{\"@type\":\"EntryPoint\",\"urlTemplate\":\"https:\\\/\\\/luxorkitchen.pt\\\/?s={search_term_string}\"},\"query-input\":{\"@type\":\"PropertyValueSpecification\",\"valueRequired\":true,\"valueName\":\"search_term_string\"}}],\"inLanguage\":\"en-US\"},{\"@type\":\"Organization\",\"@id\":\"https:\\\/\\\/luxorkitchen.pt\\\/#organization\",\"name\":\"luxorkitchen\",\"url\":\"https:\\\/\\\/luxorkitchen.pt\\\/\",\"logo\":{\"@type\":\"ImageObject\",\"inLanguage\":\"en-US\",\"@id\":\"https:\\\/\\\/luxorkitchen.pt\\\/#\\\/schema\\\/logo\\\/image\\\/\",\"url\":\"https:\\\/\\\/luxorkitchen.pt\\\/wp-content\\\/uploads\\\/2023\\\/11\\\/cropped-LK_logo_FINAL-horiz-e1705851539963.png\",\"contentUrl\":\"https:\\\/\\\/luxorkitchen.pt\\\/wp-content\\\/uploads\\\/2023\\\/11\\\/cropped-LK_logo_FINAL-horiz-e1705851539963.png\",\"width\":2723,\"height\":753,\"caption\":\"luxorkitchen\"},\"image\":{\"@id\":\"https:\\\/\\\/luxorkitchen.pt\\\/#\\\/schema\\\/logo\\\/image\\\/\"},\"sameAs\":[\"https:\\\/\\\/www.facebook.com\\\/luxorkitchen\\\/\",\"https:\\\/\\\/www.instagram.com\\\/luxorkitchen\\\/\"]}]}<\/script>\n<!-- \/ Yoast SEO plugin. -->","yoast_head_json":{"title":"LANA - Luxorkitchen","robots":{"index":"index","follow":"follow","max-snippet":"max-snippet:-1","max-image-preview":"max-image-preview:large","max-video-preview":"max-video-preview:-1"},"canonical":"https:\/\/luxorkitchen.pt\/en\/lana-2\/","og_locale":"en_US","og_type":"article","og_title":"LANA - Luxorkitchen","og_description":"LANA Naturalmente lindo! Voltar \u00e0 sele\u00e7\u00e3o da cozinha Bathroom journal 2023 Nossos banheiros \u00c9 incr\u00edvel o que pode ser feito com uma casa de banho! Uma pequena necessidade pode tornar-se um espa\u00e7o \u00edntimo e integral de regenera\u00e7\u00e3o, renova\u00e7\u00e3o e cuidado. As op\u00e7\u00f5es individuais aqui s\u00e3o t\u00e3o diversas quanto a pr\u00f3pria vida. Existem possibilidades criativas ilimitadas [&hellip;]","og_url":"https:\/\/luxorkitchen.pt\/en\/lana-2\/","og_site_name":"Luxorkitchen","article_publisher":"https:\/\/www.facebook.com\/luxorkitchen\/","article_modified_time":"2023-12-10T18:04:44+00:00","og_image":[{"url":"https:\/\/luxorkitchen.pt\/wp-content\/uploads\/2023\/11\/Bad05_A01_mod-1920x1080-1.jpg","type":"","width":"","height":""}],"twitter_card":"summary_large_image","twitter_misc":{"Est. reading time":"2 minutes"},"schema":{"@context":"https:\/\/schema.org","@graph":[{"@type":"WebPage","@id":"https:\/\/luxorkitchen.pt\/lana-2\/","url":"https:\/\/luxorkitchen.pt\/lana-2\/","name":"LANA - Luxorkitchen","isPartOf":{"@id":"https:\/\/luxorkitchen.pt\/#website"},"primaryImageOfPage":{"@id":"https:\/\/luxorkitchen.pt\/lana-2\/#primaryimage"},"image":{"@id":"https:\/\/luxorkitchen.pt\/lana-2\/#primaryimage"},"thumbnailUrl":"https:\/\/luxorkitchen.pt\/wp-content\/uploads\/2023\/11\/Bad05_A01_mod-1920x1080-1.jpg","datePublished":"2023-11-20T22:42:09+00:00","dateModified":"2023-12-10T18:04:44+00:00","breadcrumb":{"@id":"https:\/\/luxorkitchen.pt\/lana-2\/#breadcrumb"},"inLanguage":"en-US","potentialAction":[{"@type":"ReadAction","target":["https:\/\/luxorkitchen.pt\/lana-2\/"]}]},{"@type":"ImageObject","inLanguage":"en-US","@id":"https:\/\/luxorkitchen.pt\/lana-2\/#primaryimage","url":"https:\/\/luxorkitchen.pt\/wp-content\/uploads\/2023\/11\/Bad05_A01_mod-1920x1080-1.jpg","contentUrl":"https:\/\/luxorkitchen.pt\/wp-content\/uploads\/2023\/11\/Bad05_A01_mod-1920x1080-1.jpg"},{"@type":"BreadcrumbList","@id":"https:\/\/luxorkitchen.pt\/lana-2\/#breadcrumb","itemListElement":[{"@type":"ListItem","position":1,"name":"In\u00edcio","item":"https:\/\/luxorkitchen.pt\/"},{"@type":"ListItem","position":2,"name":"LANA"}]},{"@type":"WebSite","@id":"https:\/\/luxorkitchen.pt\/#website","url":"https:\/\/luxorkitchen.pt\/","name":"Luxorkitchen","description":"Living Kitchen","publisher":{"@id":"https:\/\/luxorkitchen.pt\/#organization"},"potentialAction":[{"@type":"SearchAction","target":{"@type":"EntryPoint","urlTemplate":"https:\/\/luxorkitchen.pt\/?s={search_term_string}"},"query-input":{"@type":"PropertyValueSpecification","valueRequired":true,"valueName":"search_term_string"}}],"inLanguage":"en-US"},{"@type":"Organization","@id":"https:\/\/luxorkitchen.pt\/#organization","name":"luxorkitchen","url":"https:\/\/luxorkitchen.pt\/","logo":{"@type":"ImageObject","inLanguage":"en-US","@id":"https:\/\/luxorkitchen.pt\/#\/schema\/logo\/image\/","url":"https:\/\/luxorkitchen.pt\/wp-content\/uploads\/2023\/11\/cropped-LK_logo_FINAL-horiz-e1705851539963.png","contentUrl":"https:\/\/luxorkitchen.pt\/wp-content\/uploads\/2023\/11\/cropped-LK_logo_FINAL-horiz-e1705851539963.png","width":2723,"height":753,"caption":"luxorkitchen"},"image":{"@id":"https:\/\/luxorkitchen.pt\/#\/schema\/logo\/image\/"},"sameAs":["https:\/\/www.facebook.com\/luxorkitchen\/","https:\/\/www.instagram.com\/luxorkitchen\/"]}]}},"_links":{"self":[{"href":"https:\/\/luxorkitchen.pt\/en\/wp-json\/wp\/v2\/pages\/2340","targetHints":{"allow":["GET"]}}],"collection":[{"href":"https:\/\/luxorkitchen.pt\/en\/wp-json\/wp\/v2\/pages"}],"about":[{"href":"https:\/\/luxorkitchen.pt\/en\/wp-json\/wp\/v2\/types\/page"}],"author":[{"embeddable":true,"href":"https:\/\/luxorkitchen.pt\/en\/wp-json\/wp\/v2\/users\/1"}],"replies":[{"embeddable":true,"href":"https:\/\/luxorkitchen.pt\/en\/wp-json\/wp\/v2\/comments?post=2340"}],"version-history":[{"count":0,"href":"https:\/\/luxorkitchen.pt\/en\/wp-json\/wp\/v2\/pages\/2340\/revisions"}],"wp:attachment":[{"href":"https:\/\/luxorkitchen.pt\/en\/wp-json\/wp\/v2\/media?parent=2340"}],"curies":[{"name":"wp","href":"https:\/\/api.w.org\/{rel}","templated":true}]}}